{"id":1576,"date":"2019-09-03T03:36:00","date_gmt":"2019-09-03T03:36:00","guid":{"rendered":"http:\/\/demo.themewinter.com\/wp\/instive\/?page_id=1576"},"modified":"2025-01-22T23:43:24","modified_gmt":"2025-01-22T22:43:24","slug":"home-4","status":"publish","type":"page","link":"https:\/\/abm-piszczac.pl\/abm\/","title":{"rendered":"Strona g\u0142\u00f3wna"},"content":{"rendered":"\t\t<div data-elementor-type=\"wp-page\" data-elementor-id=\"1576\" class=\"elementor elementor-1576\">\n\t\t\t\t\t\t<section class=\"elementor-section elementor-top-section elementor-element elementor-element-210e4c elementor-section-full_width elementor-section-height-default elementor-section-height-default\" data-id=\"210e4c\" data-element_type=\"section\">\n\t\t\t\t\t\t<div class=\"elementor-container elementor-column-gap-no\">\n\t\t\t\t\t<div class=\"elementor-column elementor-col-100 elementor-top-column elementor-element elementor-element-1fdcfa81\" data-id=\"1fdcfa81\" data-element_type=\"column\">\n\t\t\t<div class=\"elementor-widget-wrap elementor-element-populated\">\n\t\t\t\t\t\t<div class=\"elementor-element elementor-element-0b8d85d elementor-widget elementor-widget-shortcode\" data-id=\"0b8d85d\" data-element_type=\"widget\" data-settings=\"{&quot;ekit_we_effect_on&quot;:&quot;none&quot;}\" data-widget_type=\"shortcode.default\">\n\t\t\t\t<div class=\"elementor-widget-container\">\n\t\t\t\t\t\t\t<div class=\"elementor-shortcode\">\n\t\t\t\t<p class=\"rs-p-wp-fix\"><\/p>\n\t\t\t\t<sr7-module data-alias=\"fotki-przychodni\" data-id=\"5\" id=\"SR7_5_1\" class=\"rs-ov-hidden\" data-version=\"6.7.25\">\n\t\t\t\t\t<sr7-adjuster><\/sr7-adjuster>\n\t\t\t\t\t<sr7-content>\n\t\t\t\t\t\t<sr7-slide id=\"SR7_5_1-11\" data-key=\"11\">\n\t\t\t\t\t\t\t<sr7-bg id=\"SR7_5_1-11-3\" class=\"sr7-layer\"><noscript><img decoding=\"async\" src=\"http:\/\/abm-piszczac.pl\/abm\/wp-content\/uploads\/2025\/01\/ABM-2.jpg\" alt=\"\" title=\"ABM-2\"><\/noscript><\/sr7-bg>\n\t\t\t\t\t\t\t<sr7-txt id=\"SR7_5_1-11-2\" class=\"sr7-layer\">Us\u0142ugi medyczne w ramach umowy z Narodowym Funduszem Zdrowia<\/sr7-txt>\n\t\t\t\t\t\t<\/sr7-slide>\n\t\t\t\t\t\t<sr7-slide id=\"SR7_5_1-12\" data-key=\"12\">\n\t\t\t\t\t\t\t<sr7-bg id=\"SR7_5_1-12-3\" class=\"sr7-layer\"><noscript><img decoding=\"async\" src=\"http:\/\/abm-piszczac.pl\/abm\/wp-content\/uploads\/2025\/01\/ABM-23.jpg\" alt=\"\" title=\"ABM-23\"><\/noscript><\/sr7-bg>\n\t\t\t\t\t\t\t<sr7-txt id=\"SR7_5_1-12-2\" class=\"sr7-layer\">Us\u0142ugi medyczne w ramach umowy z Narodowym Funduszem Zdrowia<\/sr7-txt>\n\t\t\t\t\t\t<\/sr7-slide>\n\t\t\t\t\t\t<sr7-slide id=\"SR7_5_1-13\" data-key=\"13\">\n\t\t\t\t\t\t\t<sr7-bg id=\"SR7_5_1-13-3\" class=\"sr7-layer\"><noscript><img decoding=\"async\" src=\"http:\/\/abm-piszczac.pl\/abm\/wp-content\/uploads\/2025\/01\/ABM-19.jpg\" alt=\"\" title=\"ABM-19\"><\/noscript><\/sr7-bg>\n\t\t\t\t\t\t\t<sr7-txt id=\"SR7_5_1-13-2\" class=\"sr7-layer\">Us\u0142ugi medyczne w ramach umowy z Narodowym Funduszem Zdrowia<\/sr7-txt>\n\t\t\t\t\t\t<\/sr7-slide>\n\t\t\t\t\t\t<sr7-slide id=\"SR7_5_1-24\" data-key=\"24\">\n\t\t\t\t\t\t<\/sr7-slide>\n\t\t\t\t\t<\/sr7-content>\n\t\t\t\t\t<image_lists style=\"display:none\">\n\t\t\t\t\t\t<img data-src=\"\/\/abm-piszczac.pl\/abm\/wp-content\/uploads\/2025\/01\/ABM-2.jpg\" data-libid=\"8017\" data-lib=\"medialibrary\" title=\"ABM-2\" width=\"0\" height=\"0\" data-dbsrc=\"Ly9hYm0tcGlzemN6YWMucGwvYWJtL3dwLWNvbnRlbnQvdXBsb2Fkcy8yMDI1LzAxL0FCTS0yLmpwZw==\"\/>\n\t\t\t\t\t\t<img data-src=\"\/\/abm-piszczac.pl\/abm\/wp-content\/uploads\/2025\/01\/ABM-23.jpg\" data-libid=\"8038\" data-lib=\"medialibrary\" title=\"ABM-23\" width=\"0\" height=\"0\" data-dbsrc=\"Ly9hYm0tcGlzemN6YWMucGwvYWJtL3dwLWNvbnRlbnQvdXBsb2Fkcy8yMDI1LzAxL0FCTS0yMy5qcGc=\"\/>\n\t\t\t\t\t\t<img data-src=\"\/\/abm-piszczac.pl\/abm\/wp-content\/uploads\/2025\/01\/ABM-19.jpg\" data-libid=\"8034\" data-lib=\"medialibrary\" title=\"ABM-19\" width=\"0\" height=\"0\" data-dbsrc=\"Ly9hYm0tcGlzemN6YWMucGwvYWJtL3dwLWNvbnRlbnQvdXBsb2Fkcy8yMDI1LzAxL0FCTS0xOS5qcGc=\"\/>\n\t\t\t\t\t<\/image_lists>\n\t\t\t\t<\/sr7-module>\n\t\t\t\t<script>\n\t\t\t\t\tSR7.PMH ??={}; SR7.PMH[\"SR7_5_1\"] = {cn:100,state:false,fn: function() { if (_tpt!==undefined && _tpt.prepareModuleHeight !== undefined) {  _tpt.prepareModuleHeight({id:\"SR7_5_1\",el:[600,600,600,480,360],type:'standard',shdw:'0',gh:[600,600,600,480,360],gw:[1110,1110,1110,768,375],vpt:['-200px&#039;,&#039;-200px&#039;,&#039;-200px&#039;,&#039;-200px&#039;,&#039;-200px'],size:{fullWidth:false, fullHeight:false},mh:'0',onh:0,onw:0,bg:{color:'{\"orig\":\"transparent\",\"type\":\"solid\",\"string\":\"transparent\"}'},plType:'0',plColor:'#FFFFFF'});   SR7.PMH[\"SR7_5_1\"].state=true;} else if(SR7.PMH[\"SR7_5_1\"].cn-->0)\tsetTimeout( SR7.PMH[\"SR7_5_1\"].fn,19);}};SR7.PMH[\"SR7_5_1\" ].fn();\n\t\t\t\t<\/script>\n<\/div>\n\t\t\t\t\t\t<\/div>\n\t\t\t\t<\/div>\n\t\t\t\t\t<\/div>\n\t\t<\/div>\n\t\t\t\t\t<\/div>\n\t\t<\/section>\n\t\t<div class=\"elementor-element elementor-element-0672723 e-flex e-con-boxed e-con e-parent\" data-id=\"0672723\" data-element_type=\"container\">\n\t\t\t\t\t<div class=\"e-con-inner\">\n\t\t<div class=\"elementor-element elementor-element-6104780 e-con-full e-flex e-con e-child\" data-id=\"6104780\" data-element_type=\"container\">\n\t\t\t\t<div class=\"elementor-element elementor-element-da19b23 elementor-widget elementor-widget-spacer\" data-id=\"da19b23\" data-element_type=\"widget\" data-settings=\"{&quot;ekit_we_effect_on&quot;:&quot;none&quot;}\" data-widget_type=\"spacer.default\">\n\t\t\t\t<div class=\"elementor-widget-container\">\n\t\t\t\t\t\t\t<div class=\"elementor-spacer\">\n\t\t\t<div class=\"elementor-spacer-inner\"><\/div>\n\t\t<\/div>\n\t\t\t\t\t\t<\/div>\n\t\t\t\t<\/div>\n\t\t\t\t<div class=\"elementor-element elementor-element-420e9ac elementor-widget elementor-widget-heading\" data-id=\"420e9ac\" data-element_type=\"widget\" data-settings=\"{&quot;ekit_we_effect_on&quot;:&quot;none&quot;}\" data-widget_type=\"heading.default\">\n\t\t\t\t<div class=\"elementor-widget-container\">\n\t\t\t\t\t<h1 class=\"elementor-heading-title elementor-size-default\">Przychodnia lekarza rodzinnego ABM<\/h1>\t\t\t\t<\/div>\n\t\t\t\t<\/div>\n\t\t\t\t<div class=\"elementor-element elementor-element-b398e21 elementor-widget elementor-widget-text-editor\" data-id=\"b398e21\" data-element_type=\"widget\" data-settings=\"{&quot;ekit_we_effect_on&quot;:&quot;none&quot;}\" data-widget_type=\"text-editor.default\">\n\t\t\t\t<div class=\"elementor-widget-container\">\n\t\t\t\t\t\t\t\t\t<p>Witamy na naszej stronie internetowej i zapraszamy do zapoznania si\u0119 z nasz\u0105 ofert\u0105.<\/p><p>Przychodnia nasza zapewnia Pa\u0144stwu dost\u0119p do us\u0142ug medycznych <strong>w ramach umowy z Narodowym Funduszem Zdrowia<\/strong>.<\/p><p>Zapewniamy dost\u0119p do:<\/p>\t\t\t\t\t\t\t\t<\/div>\n\t\t\t\t<\/div>\n\t\t\t\t<div class=\"elementor-element elementor-element-4451bbe elementor-list-item-link-full_width elementor-widget elementor-widget-icon-list\" data-id=\"4451bbe\" data-element_type=\"widget\" data-settings=\"{&quot;ekit_we_effect_on&quot;:&quot;none&quot;}\" data-widget_type=\"icon-list.default\">\n\t\t\t\t<div class=\"elementor-widget-container\">\n\t\t\t\t\t\t\t<ul class=\"elementor-icon-list-items\">\n\t\t\t\t\t\t\t<li class=\"elementor-icon-list-item\">\n\t\t\t\t\t\t\t\t\t\t\t<span class=\"elementor-icon-list-icon\">\n\t\t\t\t\t\t\t<svg aria-hidden=\"true\" class=\"e-font-icon-svg e-fas-check\" viewBox=\"0 0 512 512\" xmlns=\"http:\/\/www.w3.org\/2000\/svg\"><path d=\"M173.898 439.404l-166.4-166.4c-9.997-9.997-9.997-26.206 0-36.204l36.203-36.204c9.997-9.998 26.207-9.998 36.204 0L192 312.69 432.095 72.596c9.997-9.997 26.207-9.997 36.204 0l36.203 36.204c9.997 9.997 9.997 26.206 0 36.204l-294.4 294.401c-9.998 9.997-26.207 9.997-36.204-.001z\"><\/path><\/svg>\t\t\t\t\t\t<\/span>\n\t\t\t\t\t\t\t\t\t\t<span class=\"elementor-icon-list-text\">lekarza pierwszego kontaktu (POZ)<\/span>\n\t\t\t\t\t\t\t\t\t<\/li>\n\t\t\t\t\t\t\t\t<li class=\"elementor-icon-list-item\">\n\t\t\t\t\t\t\t\t\t\t\t<span class=\"elementor-icon-list-icon\">\n\t\t\t\t\t\t\t<svg aria-hidden=\"true\" class=\"e-font-icon-svg e-fas-check\" viewBox=\"0 0 512 512\" xmlns=\"http:\/\/www.w3.org\/2000\/svg\"><path d=\"M173.898 439.404l-166.4-166.4c-9.997-9.997-9.997-26.206 0-36.204l36.203-36.204c9.997-9.998 26.207-9.998 36.204 0L192 312.69 432.095 72.596c9.997-9.997 26.207-9.997 36.204 0l36.203 36.204c9.997 9.997 9.997 26.206 0 36.204l-294.4 294.401c-9.998 9.997-26.207 9.997-36.204-.001z\"><\/path><\/svg>\t\t\t\t\t\t<\/span>\n\t\t\t\t\t\t\t\t\t\t<span class=\"elementor-icon-list-text\">diagnostyki laboratoryjnej (gabinet pobra\u0144 na miejscu)<\/span>\n\t\t\t\t\t\t\t\t\t<\/li>\n\t\t\t\t\t\t\t\t<li class=\"elementor-icon-list-item\">\n\t\t\t\t\t\t\t\t\t\t\t<span class=\"elementor-icon-list-icon\">\n\t\t\t\t\t\t\t<svg aria-hidden=\"true\" class=\"e-font-icon-svg e-fas-check\" viewBox=\"0 0 512 512\" xmlns=\"http:\/\/www.w3.org\/2000\/svg\"><path d=\"M173.898 439.404l-166.4-166.4c-9.997-9.997-9.997-26.206 0-36.204l36.203-36.204c9.997-9.998 26.207-9.998 36.204 0L192 312.69 432.095 72.596c9.997-9.997 26.207-9.997 36.204 0l36.203 36.204c9.997 9.997 9.997 26.206 0 36.204l-294.4 294.401c-9.998 9.997-26.207 9.997-36.204-.001z\"><\/path><\/svg>\t\t\t\t\t\t<\/span>\n\t\t\t\t\t\t\t\t\t\t<span class=\"elementor-icon-list-text\">wykonujemy szczepienia w ramach umowy z NFZ<\/span>\n\t\t\t\t\t\t\t\t\t<\/li>\n\t\t\t\t\t\t\t\t<li class=\"elementor-icon-list-item\">\n\t\t\t\t\t\t\t\t\t\t\t<span class=\"elementor-icon-list-icon\">\n\t\t\t\t\t\t\t<svg aria-hidden=\"true\" class=\"e-font-icon-svg e-fas-check\" viewBox=\"0 0 512 512\" xmlns=\"http:\/\/www.w3.org\/2000\/svg\"><path d=\"M173.898 439.404l-166.4-166.4c-9.997-9.997-9.997-26.206 0-36.204l36.203-36.204c9.997-9.998 26.207-9.998 36.204 0L192 312.69 432.095 72.596c9.997-9.997 26.207-9.997 36.204 0l36.203 36.204c9.997 9.997 9.997 26.206 0 36.204l-294.4 294.401c-9.998 9.997-26.207 9.997-36.204-.001z\"><\/path><\/svg>\t\t\t\t\t\t<\/span>\n\t\t\t\t\t\t\t\t\t\t<span class=\"elementor-icon-list-text\">wykonujemy badania w ramach programu 40+<\/span>\n\t\t\t\t\t\t\t\t\t<\/li>\n\t\t\t\t\t\t\t\t<li class=\"elementor-icon-list-item\">\n\t\t\t\t\t\t\t\t\t\t\t<span class=\"elementor-icon-list-icon\">\n\t\t\t\t\t\t\t<svg aria-hidden=\"true\" class=\"e-font-icon-svg e-fas-check\" viewBox=\"0 0 512 512\" xmlns=\"http:\/\/www.w3.org\/2000\/svg\"><path d=\"M173.898 439.404l-166.4-166.4c-9.997-9.997-9.997-26.206 0-36.204l36.203-36.204c9.997-9.998 26.207-9.998 36.204 0L192 312.69 432.095 72.596c9.997-9.997 26.207-9.997 36.204 0l36.203 36.204c9.997 9.997 9.997 26.206 0 36.204l-294.4 294.401c-9.998 9.997-26.207 9.997-36.204-.001z\"><\/path><\/svg>\t\t\t\t\t\t<\/span>\n\t\t\t\t\t\t\t\t\t\t<span class=\"elementor-icon-list-text\">wykonujemy badania cytologiczne w ramach profilaktyki<\/span>\n\t\t\t\t\t\t\t\t\t<\/li>\n\t\t\t\t\t\t\t\t<li class=\"elementor-icon-list-item\">\n\t\t\t\t\t\t\t\t\t\t\t<span class=\"elementor-icon-list-icon\">\n\t\t\t\t\t\t\t<svg aria-hidden=\"true\" class=\"e-font-icon-svg e-fas-check\" viewBox=\"0 0 512 512\" xmlns=\"http:\/\/www.w3.org\/2000\/svg\"><path d=\"M173.898 439.404l-166.4-166.4c-9.997-9.997-9.997-26.206 0-36.204l36.203-36.204c9.997-9.998 26.207-9.998 36.204 0L192 312.69 432.095 72.596c9.997-9.997 26.207-9.997 36.204 0l36.203 36.204c9.997 9.997 9.997 26.206 0 36.204l-294.4 294.401c-9.998 9.997-26.207 9.997-36.204-.001z\"><\/path><\/svg>\t\t\t\t\t\t<\/span>\n\t\t\t\t\t\t\t\t\t\t<span class=\"elementor-icon-list-text\">posiadamy Holter ci\u015bnieniowy oraz spirometr<\/span>\n\t\t\t\t\t\t\t\t\t<\/li>\n\t\t\t\t\t\t\t\t<li class=\"elementor-icon-list-item\">\n\t\t\t\t\t\t\t\t\t\t\t<span class=\"elementor-icon-list-icon\">\n\t\t\t\t\t\t\t<svg aria-hidden=\"true\" class=\"e-font-icon-svg e-fas-check\" viewBox=\"0 0 512 512\" xmlns=\"http:\/\/www.w3.org\/2000\/svg\"><path d=\"M173.898 439.404l-166.4-166.4c-9.997-9.997-9.997-26.206 0-36.204l36.203-36.204c9.997-9.998 26.207-9.998 36.204 0L192 312.69 432.095 72.596c9.997-9.997 26.207-9.997 36.204 0l36.203 36.204c9.997 9.997 9.997 26.206 0 36.204l-294.4 294.401c-9.998 9.997-26.207 9.997-36.204-.001z\"><\/path><\/svg>\t\t\t\t\t\t<\/span>\n\t\t\t\t\t\t\t\t\t\t<span class=\"elementor-icon-list-text\">sprz\u0119t z jakiego korzystamy jest wysokiej klasy i posiada wszystkie wymagane certyfikaty<\/span>\n\t\t\t\t\t\t\t\t\t<\/li>\n\t\t\t\t\t\t\t\t<li class=\"elementor-icon-list-item\">\n\t\t\t\t\t\t\t\t\t\t\t<span class=\"elementor-icon-list-icon\">\n\t\t\t\t\t\t\t<svg aria-hidden=\"true\" class=\"e-font-icon-svg e-fas-check\" viewBox=\"0 0 512 512\" xmlns=\"http:\/\/www.w3.org\/2000\/svg\"><path d=\"M173.898 439.404l-166.4-166.4c-9.997-9.997-9.997-26.206 0-36.204l36.203-36.204c9.997-9.998 26.207-9.998 36.204 0L192 312.69 432.095 72.596c9.997-9.997 26.207-9.997 36.204 0l36.203 36.204c9.997 9.997 9.997 26.206 0 36.204l-294.4 294.401c-9.998 9.997-26.207 9.997-36.204-.001z\"><\/path><\/svg>\t\t\t\t\t\t<\/span>\n\t\t\t\t\t\t\t\t\t\t<span class=\"elementor-icon-list-text\">posiadamy Filie w miejscowo\u015bciach Ma\u0142aszewicze i Kode\u0144<\/span>\n\t\t\t\t\t\t\t\t\t<\/li>\n\t\t\t\t\t\t<\/ul>\n\t\t\t\t\t\t<\/div>\n\t\t\t\t<\/div>\n\t\t\t\t<\/div>\n\t\t\t\t\t<\/div>\n\t\t\t\t<\/div>\n\t\t\t\t<\/div>\n\t\t","protected":false},"excerpt":{"rendered":"<p>Przychodnia lekarza rodzinnego ABM Witamy na naszej stronie internetowej i zapraszamy do zapoznania si\u0119 z nasz\u0105 ofert\u0105. Przychodnia nasza zapewnia Pa\u0144stwu dost\u0119p do us\u0142ug medycznych w ramach umowy z Narodowym Funduszem Zdrowia. Zapewniamy dost\u0119p do: lekarza pierwszego kontaktu (POZ) diagnostyki laboratoryjnej (gabinet pobra\u0144 na miejscu) wykonujemy szczepienia w ramach umowy z NFZ wykonujemy badania w [&hellip;]<\/p>\n","protected":false},"author":1,"featured_media":0,"parent":0,"menu_order":0,"comment_status":"closed","ping_status":"closed","template":"template\/homepage-template.php","meta":{"_monsterinsights_skip_tracking":false,"_monsterinsights_sitenote_active":false,"_monsterinsights_sitenote_note":"","_monsterinsights_sitenote_category":0,"footnotes":""},"class_list":["post-1576","page","type-page","status-publish","hentry"],"aioseo_notices":[],"_links":{"self":[{"href":"https:\/\/abm-piszczac.pl\/abm\/wp-json\/wp\/v2\/pages\/1576","targetHints":{"allow":["GET"]}}],"collection":[{"href":"https:\/\/abm-piszczac.pl\/abm\/wp-json\/wp\/v2\/pages"}],"about":[{"href":"https:\/\/abm-piszczac.pl\/abm\/wp-json\/wp\/v2\/types\/page"}],"author":[{"embeddable":true,"href":"https:\/\/abm-piszczac.pl\/abm\/wp-json\/wp\/v2\/users\/1"}],"replies":[{"embeddable":true,"href":"https:\/\/abm-piszczac.pl\/abm\/wp-json\/wp\/v2\/comments?post=1576"}],"version-history":[{"count":28,"href":"https:\/\/abm-piszczac.pl\/abm\/wp-json\/wp\/v2\/pages\/1576\/revisions"}],"predecessor-version":[{"id":8142,"href":"https:\/\/abm-piszczac.pl\/abm\/wp-json\/wp\/v2\/pages\/1576\/revisions\/8142"}],"wp:attachment":[{"href":"https:\/\/abm-piszczac.pl\/abm\/wp-json\/wp\/v2\/media?parent=1576"}],"curies":[{"name":"wp","href":"https:\/\/api.w.org\/{rel}","templated":true}]}}