{"id":15,"date":"2025-01-21T22:50:56","date_gmt":"2025-01-21T21:50:56","guid":{"rendered":"http:\/\/abm-piszczac.pl\/abm\/?page_id=15"},"modified":"2025-01-23T00:20:22","modified_gmt":"2025-01-22T23:20:22","slug":"oferta-przychodni","status":"publish","type":"page","link":"https:\/\/abm-piszczac.pl\/abm\/oferta-przychodni\/","title":{"rendered":"Oferta przychodni"},"content":{"rendered":"\t\t<div data-elementor-type=\"wp-page\" data-elementor-id=\"15\" class=\"elementor elementor-15\">\n\t\t\t\t<div class=\"elementor-element elementor-element-34266701 e-flex e-con-boxed e-con e-parent\" data-id=\"34266701\" data-element_type=\"container\">\n\t\t\t\t\t<div class=\"e-con-inner\">\n\t\t\t\t<div class=\"elementor-element elementor-element-980a0ac elementor-widget elementor-widget-spacer\" data-id=\"980a0ac\" data-element_type=\"widget\" data-settings=\"{&quot;ekit_we_effect_on&quot;:&quot;none&quot;}\" data-widget_type=\"spacer.default\">\n\t\t\t\t<div class=\"elementor-widget-container\">\n\t\t\t\t\t\t\t<div class=\"elementor-spacer\">\n\t\t\t<div class=\"elementor-spacer-inner\"><\/div>\n\t\t<\/div>\n\t\t\t\t\t\t<\/div>\n\t\t\t\t<\/div>\n\t\t\t\t<div class=\"elementor-element elementor-element-344baea6 elementor-widget elementor-widget-text-editor\" data-id=\"344baea6\" data-element_type=\"widget\" data-settings=\"{&quot;ekit_we_effect_on&quot;:&quot;none&quot;}\" data-widget_type=\"text-editor.default\">\n\t\t\t\t<div class=\"elementor-widget-container\">\n\t\t\t\t\t\t\t\t\t\n<p>W ramach dzia\u0142alno\u015bci naszej przychodni mo\u017cecie Pa\u0144stwo skorzysta\u0107 z szerokiego zakresu us\u0142ug medycznych.<\/p>\n\n\n\n<p>Wszystkie us\u0142ugi s\u0105 wykonywane w ramach umowy z NFZ.<\/p>\n\n\n\n<p><strong>SZCZEPIENIA<\/strong><\/p>\n\n\n\n<p>Wykonujemy szczepienia obowi\u0105zkowe zgodnie z Kalendarzem szczepie\u0144 oraz szczepienia w ramach profilaktyki.<\/p>\n\n\n\n<p><strong>DIAGNOSTYKA LABORATORYJNA<\/strong><\/p>\n\n\n\n<p>Wszystkie badania w POZ wykonywane zgodnie z umow\u0105 z NFZ na zlecenie lekarza s\u0105 wykonywane nieodp\u0142atnie.<\/p>\n\n\n\n<p>Punkt pobra\u0144 czynny jest:<br>\u015aroda w godz: 7:30 \u2013 9:30<br>Pi\u0105tek w godz: 8:00 \u2013 10:00<\/p>\n\n\n\n<p>Wyniki mo\u017cna odbiera\u0107 osobi\u015bcie lub internetowo.<\/p>\n\n\n\n<p>Lista bada\u0144 gwarantowanych zgodnie z umow\u0105 z NFZ:<\/p>\n\n\n\n<p><strong>1.&nbsp;&nbsp;&nbsp;&nbsp;&nbsp;&nbsp;&nbsp;&nbsp;&nbsp;&nbsp; Badania hematologiczne:<\/strong><\/p>\n\n\n\n<div class=\"wp-block-group is-vertical is-layout-flex wp-container-core-group-is-layout-8cf370e7 wp-block-group-is-layout-flex\">\n<p>o&nbsp;&nbsp;&nbsp;&nbsp;&nbsp;&nbsp;&nbsp;&nbsp;&nbsp;&nbsp;&nbsp;&nbsp; morfologia krwi obwodowej z p\u0142ytkami krwi<\/p>\n\n\n\n<p>o&nbsp;&nbsp;&nbsp;&nbsp;&nbsp;&nbsp;&nbsp;&nbsp;&nbsp;&nbsp;&nbsp;&nbsp; morfologia krwi obwodowej z wzorem odsetkowym i p\u0142ytkami krwi<\/p>\n\n\n\n<p>o&nbsp;&nbsp;&nbsp;&nbsp;&nbsp;&nbsp;&nbsp;&nbsp;&nbsp;&nbsp;&nbsp;&nbsp; retikulocyty<\/p>\n\n\n\n<p>o&nbsp;&nbsp;&nbsp;&nbsp;&nbsp;&nbsp;&nbsp;&nbsp;&nbsp;&nbsp;&nbsp;&nbsp; odczyn opadania krwinek czerwonych (OB).<\/p>\n<\/div>\n\n\n\n<p><strong>2.&nbsp;&nbsp;&nbsp;&nbsp;&nbsp;&nbsp;&nbsp;&nbsp;&nbsp;&nbsp; Badania biochemiczne i immunochemiczne:<\/strong><\/p>\n\n\n\n<ul class=\"wp-block-list\">\n<li>o\u00a0\u00a0\u00a0\u00a0\u00a0\u00a0\u00a0\u00a0\u00a0\u00a0\u00a0\u00a0 s\u00f3d<\/li>\n\n\n\n<li>o\u00a0\u00a0\u00a0\u00a0\u00a0\u00a0\u00a0\u00a0\u00a0\u00a0\u00a0\u00a0 potas<\/li>\n\n\n\n<li>o\u00a0\u00a0\u00a0\u00a0\u00a0\u00a0\u00a0\u00a0\u00a0\u00a0\u00a0\u00a0 wap\u0144 zjonizowany<\/li>\n\n\n\n<li>o\u00a0\u00a0\u00a0\u00a0\u00a0\u00a0\u00a0\u00a0\u00a0\u00a0\u00a0\u00a0 \u017celazo<\/li>\n\n\n\n<li>o\u00a0\u00a0\u00a0\u00a0\u00a0\u00a0\u00a0\u00a0\u00a0\u00a0\u00a0\u00a0 \u017celazo \u2013 ca\u0142kowita zdolno\u015b\u0107 wi\u0105zania (TIBC)<\/li>\n\n\n\n<li>o\u00a0\u00a0\u00a0\u00a0\u00a0\u00a0\u00a0\u00a0\u00a0\u00a0\u00a0\u00a0 st\u0119\u017cenie hemoglobiny glikowanej (HbAlc)<\/li>\n\n\n\n<li>o\u00a0\u00a0\u00a0\u00a0\u00a0\u00a0\u00a0\u00a0\u00a0\u00a0\u00a0\u00a0 st\u0119\u017cenie transferryny<\/li>\n\n\n\n<li>o\u00a0\u00a0\u00a0\u00a0\u00a0\u00a0\u00a0\u00a0\u00a0\u00a0\u00a0\u00a0 bia\u0142ko ca\u0142kowite<\/li>\n\n\n\n<li>o\u00a0\u00a0\u00a0\u00a0\u00a0\u00a0\u00a0\u00a0\u00a0\u00a0\u00a0\u00a0 mocznik<\/li>\n\n\n\n<li>o\u00a0\u00a0\u00a0\u00a0\u00a0\u00a0\u00a0\u00a0\u00a0\u00a0\u00a0\u00a0 kreatynina<\/li>\n\n\n\n<li>o\u00a0\u00a0\u00a0\u00a0\u00a0\u00a0\u00a0\u00a0\u00a0\u00a0\u00a0\u00a0 glukoza<\/li>\n\n\n\n<li>o\u00a0\u00a0\u00a0\u00a0\u00a0\u00a0\u00a0\u00a0\u00a0\u00a0\u00a0\u00a0 test obci\u0105\u017cenia glukoz\u0105<\/li>\n\n\n\n<li>o\u00a0\u00a0\u00a0\u00a0\u00a0\u00a0\u00a0\u00a0\u00a0\u00a0\u00a0\u00a0 proteinogram<\/li>\n\n\n\n<li>o\u00a0\u00a0\u00a0\u00a0\u00a0\u00a0\u00a0\u00a0\u00a0\u00a0\u00a0\u00a0 albumina<\/li>\n\n\n\n<li>o\u00a0\u00a0\u00a0\u00a0\u00a0\u00a0\u00a0\u00a0\u00a0\u00a0\u00a0\u00a0 bia\u0142ko C-reaktywne (CRP)<\/li>\n\n\n\n<li>o\u00a0\u00a0\u00a0\u00a0\u00a0\u00a0\u00a0\u00a0\u00a0\u00a0\u00a0\u00a0 kwas moczowy<\/li>\n\n\n\n<li>o\u00a0\u00a0\u00a0\u00a0\u00a0\u00a0\u00a0\u00a0\u00a0\u00a0\u00a0\u00a0 cholesterol ca\u0142kowity<\/li>\n\n\n\n<li>o\u00a0\u00a0\u00a0\u00a0\u00a0\u00a0\u00a0\u00a0\u00a0\u00a0\u00a0\u00a0 cholesterol-HDL<\/li>\n\n\n\n<li>o\u00a0\u00a0\u00a0\u00a0\u00a0\u00a0\u00a0\u00a0\u00a0\u00a0\u00a0\u00a0 cholesterol-LDL<\/li>\n\n\n\n<li>o\u00a0\u00a0\u00a0\u00a0\u00a0\u00a0\u00a0\u00a0\u00a0\u00a0\u00a0\u00a0 tr\u00f3jglicerydy (TG)<\/li>\n\n\n\n<li>o\u00a0\u00a0\u00a0\u00a0\u00a0\u00a0\u00a0\u00a0\u00a0\u00a0\u00a0\u00a0 bilirubina ca\u0142kowita<\/li>\n\n\n\n<li>o\u00a0\u00a0\u00a0\u00a0\u00a0\u00a0\u00a0\u00a0\u00a0\u00a0\u00a0\u00a0 bilirubina bezpo\u015brednia<\/li>\n\n\n\n<li>o\u00a0\u00a0\u00a0\u00a0\u00a0\u00a0\u00a0\u00a0\u00a0\u00a0\u00a0\u00a0 fosfataza alkaliczna (ALP)<\/li>\n\n\n\n<li>o\u00a0\u00a0\u00a0\u00a0\u00a0\u00a0\u00a0\u00a0\u00a0\u00a0\u00a0\u00a0 aminotransferaza asparaginianowa (AST)<\/li>\n\n\n\n<li>o\u00a0\u00a0\u00a0\u00a0\u00a0\u00a0\u00a0\u00a0\u00a0\u00a0\u00a0\u00a0 aminotransferaza alaninowa (ALT)<\/li>\n\n\n\n<li>o\u00a0\u00a0\u00a0\u00a0\u00a0\u00a0\u00a0\u00a0\u00a0\u00a0\u00a0\u00a0 gammaglutamylotranspeptydaza (GGTP)<\/li>\n\n\n\n<li>o\u00a0\u00a0\u00a0\u00a0\u00a0\u00a0\u00a0\u00a0\u00a0\u00a0\u00a0\u00a0 amylaza<\/li>\n\n\n\n<li>o\u00a0\u00a0\u00a0\u00a0\u00a0\u00a0\u00a0\u00a0\u00a0\u00a0\u00a0\u00a0 kinaza keratynowa (CK)<\/li>\n\n\n\n<li>o\u00a0\u00a0\u00a0\u00a0\u00a0\u00a0\u00a0\u00a0\u00a0\u00a0\u00a0\u00a0 fosfataza kwa\u015bna ca\u0142kowita (ACP)<\/li>\n\n\n\n<li>o\u00a0\u00a0\u00a0\u00a0\u00a0\u00a0\u00a0\u00a0\u00a0\u00a0\u00a0\u00a0 czynnik reumatoidalny (RF)<\/li>\n\n\n\n<li>o\u00a0\u00a0\u00a0\u00a0\u00a0\u00a0\u00a0\u00a0\u00a0\u00a0\u00a0\u00a0 miano antystreptolizyn O (ASO)<\/li>\n\n\n\n<li>o\u00a0\u00a0\u00a0\u00a0\u00a0\u00a0\u00a0\u00a0\u00a0\u00a0\u00a0\u00a0 hormon tyreotropowy (TSH)<\/li>\n\n\n\n<li>o\u00a0\u00a0\u00a0\u00a0\u00a0\u00a0\u00a0\u00a0\u00a0\u00a0\u00a0\u00a0 antygen HBs-AgHBs<\/li>\n\n\n\n<li>o\u00a0\u00a0\u00a0\u00a0\u00a0\u00a0\u00a0\u00a0\u00a0\u00a0\u00a0\u00a0 VDRL<\/li>\n\n\n\n<li>o\u00a0\u00a0\u00a0\u00a0\u00a0\u00a0\u00a0\u00a0\u00a0\u00a0\u00a0\u00a0 FT3<\/li>\n\n\n\n<li>o\u00a0\u00a0\u00a0\u00a0\u00a0\u00a0\u00a0\u00a0\u00a0\u00a0\u00a0\u00a0 FT4<\/li>\n\n\n\n<li>o\u00a0\u00a0\u00a0\u00a0\u00a0\u00a0\u00a0\u00a0\u00a0\u00a0\u00a0\u00a0 PSA \u2013 Antygen swoisty dla stercza ca\u0142kowity.<\/li>\n<\/ul>\n\n\n\n<p><strong>3.&nbsp;&nbsp;&nbsp;&nbsp;&nbsp;&nbsp;&nbsp;&nbsp;&nbsp;&nbsp; Badania moczu:<\/strong><\/p>\n\n\n\n<p>o&nbsp;&nbsp;&nbsp;&nbsp;&nbsp;&nbsp;&nbsp;&nbsp;&nbsp;&nbsp;&nbsp;&nbsp; og\u00f3lne badanie moczu z ocen\u0105 w\u0142a\u015bciwo\u015bci fizycznych, chemicznych oraz ocen\u0105 mikroskopow\u0105 osadu<\/p>\n\n\n\n<p>o&nbsp;&nbsp;&nbsp;&nbsp;&nbsp;&nbsp;&nbsp;&nbsp;&nbsp;&nbsp;&nbsp;&nbsp; ilo\u015bciowe oznaczanie bia\u0142ka<\/p>\n\n\n\n<p>o&nbsp;&nbsp;&nbsp;&nbsp;&nbsp;&nbsp;&nbsp;&nbsp;&nbsp;&nbsp;&nbsp;&nbsp; ilo\u015bciowe oznaczanie glukozy<\/p>\n\n\n\n<p>o&nbsp;&nbsp;&nbsp;&nbsp;&nbsp;&nbsp;&nbsp;&nbsp;&nbsp;&nbsp;&nbsp;&nbsp; ilo\u015bciowe oznaczanie wapnia<\/p>\n\n\n\n<p>o&nbsp;&nbsp;&nbsp;&nbsp;&nbsp;&nbsp;&nbsp;&nbsp;&nbsp;&nbsp;&nbsp;&nbsp; ilo\u015bciowe oznaczanie amylazy.<\/p>\n\n\n\n<p><strong>4.&nbsp;&nbsp;&nbsp;&nbsp;&nbsp;&nbsp;&nbsp;&nbsp;&nbsp;&nbsp; Badania ka\u0142u:<\/strong><\/p>\n\n\n\n<p>o&nbsp;&nbsp;&nbsp;&nbsp;&nbsp;&nbsp;&nbsp;&nbsp;&nbsp;&nbsp;&nbsp;&nbsp; badanie og\u00f3lne<\/p>\n\n\n\n<p>o&nbsp;&nbsp;&nbsp;&nbsp;&nbsp;&nbsp;&nbsp;&nbsp;&nbsp;&nbsp;&nbsp;&nbsp; paso\u017cyty<\/p>\n\n\n\n<p>o&nbsp;&nbsp;&nbsp;&nbsp;&nbsp;&nbsp;&nbsp;&nbsp;&nbsp;&nbsp;&nbsp;&nbsp; krew utajona \u2013 metod\u0105 immunochemiczn\u0105.<\/p>\n\n\n\n<p><strong>5.&nbsp;&nbsp;&nbsp;&nbsp;&nbsp;&nbsp;&nbsp;&nbsp;&nbsp;&nbsp; Badania uk\u0142adu krzepni\u0119cia:<\/strong><\/p>\n\n\n\n<p>o&nbsp;&nbsp;&nbsp;&nbsp;&nbsp;&nbsp;&nbsp;&nbsp;&nbsp;&nbsp;&nbsp;&nbsp; wska\u017anik protrombinowy (INR)<\/p>\n\n\n\n<p>o&nbsp;&nbsp;&nbsp;&nbsp;&nbsp;&nbsp;&nbsp;&nbsp;&nbsp;&nbsp;&nbsp;&nbsp; czas kaolinowo-kefalinowy (APTT)<\/p>\n\n\n\n<p>o&nbsp;&nbsp;&nbsp;&nbsp;&nbsp;&nbsp;&nbsp;&nbsp;&nbsp;&nbsp;&nbsp;&nbsp; fibrynogen.<\/p>\n\n\n\n<p><strong>6.&nbsp;&nbsp;&nbsp;&nbsp;&nbsp;&nbsp;&nbsp;&nbsp;&nbsp;&nbsp; Badania mikrobiologiczne:<\/strong><\/p>\n\n\n\n<p>o&nbsp;&nbsp;&nbsp;&nbsp;&nbsp;&nbsp;&nbsp;&nbsp;&nbsp;&nbsp;&nbsp;&nbsp; posiew moczu z antybiogramem<\/p>\n\n\n\n<p>o&nbsp;&nbsp;&nbsp;&nbsp;&nbsp;&nbsp;&nbsp;&nbsp;&nbsp;&nbsp;&nbsp;&nbsp; posiew wymazu z gard\u0142a z antybiogramem<\/p>\n\n\n\n<p>o&nbsp;&nbsp;&nbsp;&nbsp;&nbsp;&nbsp;&nbsp;&nbsp;&nbsp;&nbsp;&nbsp;&nbsp; posiew ka\u0142u w kierunku pa\u0142eczek Salmonella i Shigella.<\/p>\n\n\n\n<p>o&nbsp;&nbsp;&nbsp;&nbsp;&nbsp;&nbsp;&nbsp;&nbsp;&nbsp;&nbsp;&nbsp;&nbsp; test antygenowy SARS-CoV-2 uzyskiwany za pomoc\u0105 Systemu Dystrybucji Szczepionek (SDS)<\/p>\n\n\n\n<p>o&nbsp;&nbsp;&nbsp;&nbsp;&nbsp;&nbsp;&nbsp;&nbsp;&nbsp;&nbsp;&nbsp;&nbsp; badanie elektrokardiograficzne (EKG) w spoczynku.<\/p>\n\n\n\n<p><strong>7.&nbsp;&nbsp;&nbsp;&nbsp;&nbsp;&nbsp;&nbsp;&nbsp;&nbsp;&nbsp; Diagnostyka ultrasonograficzna:<\/strong><\/p>\n\n\n\n<p>o&nbsp;&nbsp;&nbsp;&nbsp;&nbsp;&nbsp;&nbsp;&nbsp;&nbsp;&nbsp;&nbsp;&nbsp; USG tarczycy i przytarczyc<\/p>\n\n\n\n<p>o&nbsp;&nbsp;&nbsp;&nbsp;&nbsp;&nbsp;&nbsp;&nbsp;&nbsp;&nbsp;&nbsp;&nbsp; USG \u015blinianek<\/p>\n\n\n\n<p>o&nbsp;&nbsp;&nbsp;&nbsp;&nbsp;&nbsp;&nbsp;&nbsp;&nbsp;&nbsp;&nbsp;&nbsp; USG nerek, moczowod\u00f3w, p\u0119cherza moczowego<\/p>\n\n\n\n<p>o&nbsp;&nbsp;&nbsp;&nbsp;&nbsp;&nbsp;&nbsp;&nbsp;&nbsp;&nbsp;&nbsp;&nbsp; USG brzucha i przestrzeni zaotrzewnowej, w tym wst\u0119pnej oceny gruczo\u0142u krokowego<\/p>\n\n\n\n<p>o&nbsp;&nbsp;&nbsp;&nbsp;&nbsp;&nbsp;&nbsp;&nbsp;&nbsp;&nbsp;&nbsp;&nbsp; USG obwodowych w\u0119z\u0142\u00f3w ch\u0142onnych.<\/p>\n\n\n\n<p><strong>8.&nbsp;&nbsp;&nbsp;&nbsp;&nbsp;&nbsp;&nbsp;&nbsp;&nbsp;&nbsp; Zdj\u0119cia radiologiczne:<\/strong><\/p>\n\n\n\n<p>o&nbsp;&nbsp;&nbsp;&nbsp;&nbsp;&nbsp;&nbsp;&nbsp;&nbsp;&nbsp;&nbsp;&nbsp; zdj\u0119cie klatki piersiowej w projekcji AP i bocznej<\/p>\n\n\n\n<p>o&nbsp;&nbsp;&nbsp;&nbsp;&nbsp;&nbsp;&nbsp;&nbsp;&nbsp;&nbsp;&nbsp;&nbsp; zdj\u0119cia kostne:<\/p>\n\n\n\n<p>\uf0a7&nbsp;&nbsp;&nbsp;&nbsp;&nbsp;&nbsp;&nbsp;&nbsp;&nbsp;&nbsp;&nbsp;&nbsp; w przypadku kr\u0119gos\u0142upa, ko\u0144czyn i miednicy \u2013 w projekcji AP i bocznej<\/p>\n\n\n\n<p>\uf0a7&nbsp;&nbsp;&nbsp;&nbsp;&nbsp;&nbsp;&nbsp;&nbsp;&nbsp;&nbsp;&nbsp;&nbsp; zdj\u0119cie czaszki<\/p>\n\n\n\n<p>\uf0a7&nbsp;&nbsp;&nbsp;&nbsp;&nbsp;&nbsp;&nbsp;&nbsp;&nbsp;&nbsp;&nbsp;&nbsp; zdj\u0119cie zatok<\/p>\n\n\n\n<p>\uf0a7&nbsp;&nbsp;&nbsp;&nbsp;&nbsp;&nbsp;&nbsp;&nbsp;&nbsp;&nbsp;&nbsp;&nbsp; zdj\u0119cie przegl\u0105dowe jamy brzusznej.<\/p>\n\n\n\n<p>9.&nbsp;&nbsp;&nbsp;&nbsp;&nbsp;&nbsp;&nbsp;&nbsp;&nbsp;&nbsp; <strong>Bud\u017cet powierzony diagnostyczny<\/strong><\/p>\n\n\n\n<p>o&nbsp;&nbsp;&nbsp;&nbsp;&nbsp;&nbsp;&nbsp;&nbsp;&nbsp;&nbsp;&nbsp;&nbsp; ferrytyna<\/p>\n\n\n\n<p>o&nbsp;&nbsp;&nbsp;&nbsp;&nbsp;&nbsp;&nbsp;&nbsp;&nbsp;&nbsp;&nbsp;&nbsp; witamina B12<\/p>\n\n\n\n<p>o&nbsp;&nbsp;&nbsp;&nbsp;&nbsp;&nbsp;&nbsp;&nbsp;&nbsp;&nbsp;&nbsp;&nbsp; kwas foliowy<\/p>\n\n\n\n<p>o&nbsp;&nbsp;&nbsp;&nbsp;&nbsp;&nbsp;&nbsp;&nbsp;&nbsp;&nbsp;&nbsp;&nbsp; anty CCP<\/p>\n\n\n\n<p>o&nbsp;&nbsp;&nbsp;&nbsp;&nbsp;&nbsp;&nbsp;&nbsp;&nbsp;&nbsp;&nbsp;&nbsp; CRP szybki test ilo\u015bciowy (populacja do uko\u0144czenia 6. roku \u017cycia)<\/p>\n\n\n\n<p>o&nbsp;&nbsp;&nbsp;&nbsp;&nbsp;&nbsp;&nbsp;&nbsp;&nbsp;&nbsp;&nbsp;&nbsp; przeciwcia\u0142a anty-HCV<\/p>\n\n\n\n<p>o&nbsp;&nbsp;&nbsp;&nbsp;&nbsp;&nbsp;&nbsp;&nbsp;&nbsp;&nbsp;&nbsp;&nbsp; antygen H. pylori w kale &#8211; test kasetkowy<\/p>\n\n\n\n<p>o&nbsp;&nbsp;&nbsp;&nbsp;&nbsp;&nbsp;&nbsp;&nbsp;&nbsp;&nbsp;&nbsp;&nbsp; antygen H. pylori w kale &#8211; test laboratoryjny<\/p>\n\n\n\n<p>o&nbsp;&nbsp;&nbsp;&nbsp;&nbsp;&nbsp;&nbsp;&nbsp;&nbsp;&nbsp;&nbsp;&nbsp; strep-test<\/p>\n\n\n\n<p><strong>10.&nbsp;&nbsp;&nbsp;&nbsp;&nbsp;&nbsp;&nbsp;&nbsp; Bud\u017cet powierzony opieki koordynowanej<\/strong><\/p>\n\n\n\n<p>o&nbsp;&nbsp;&nbsp;&nbsp;&nbsp;&nbsp;&nbsp;&nbsp;&nbsp;&nbsp;&nbsp;&nbsp; BNP (NT-pro-BNP<\/p>\n\n\n\n<p>o&nbsp;&nbsp;&nbsp;&nbsp;&nbsp;&nbsp;&nbsp;&nbsp;&nbsp;&nbsp;&nbsp;&nbsp; albuminuria (st\u0119\u017cenie albumin w moczu)<\/p>\n\n\n\n<p>o&nbsp;&nbsp;&nbsp;&nbsp;&nbsp;&nbsp;&nbsp;&nbsp;&nbsp;&nbsp;&nbsp;&nbsp; UACR (wska\u017anik albumina\/kreatynina w moczu)<\/p>\n\n\n\n<p>o&nbsp;&nbsp;&nbsp;&nbsp;&nbsp;&nbsp;&nbsp;&nbsp;&nbsp;&nbsp;&nbsp;&nbsp; antyTPO (przeciwcia\u0142a przeciw peroksydazie tarczycowej)<\/p>\n\n\n\n<p>o&nbsp;&nbsp;&nbsp;&nbsp;&nbsp;&nbsp;&nbsp;&nbsp;&nbsp;&nbsp;&nbsp;&nbsp; antyTSHR (przeciwcia\u0142a przeciw receptorom TSH)<\/p>\n\n\n\n<p>o&nbsp;&nbsp;&nbsp;&nbsp;&nbsp;&nbsp;&nbsp;&nbsp;&nbsp;&nbsp;&nbsp;&nbsp; antyTG (przeciwcia\u0142a przeciw tyreoglobulinie)<\/p>\n\n\n\n<p>o&nbsp;&nbsp;&nbsp;&nbsp;&nbsp;&nbsp;&nbsp;&nbsp;&nbsp;&nbsp;&nbsp;&nbsp; EKG wysi\u0142kowe (pr\u00f3ba wysi\u0142kowa EKG)<\/p>\n\n\n\n<p>o&nbsp;&nbsp;&nbsp;&nbsp;&nbsp;&nbsp;&nbsp;&nbsp;&nbsp;&nbsp;&nbsp;&nbsp; Holter EKG 24 godz. (24-godzinna rejestracja EKG)<\/p>\n\n\n\n<p>o&nbsp;&nbsp;&nbsp;&nbsp;&nbsp;&nbsp;&nbsp;&nbsp;&nbsp;&nbsp;&nbsp;&nbsp; Holter EKG 48 godz. (48-godzinna rejestracja EKG)<\/p>\n\n\n\n<p>o&nbsp;&nbsp;&nbsp;&nbsp;&nbsp;&nbsp;&nbsp;&nbsp;&nbsp;&nbsp;&nbsp;&nbsp; Holter EKG 72 godz. (72-godzinna rejestracja EKG)<\/p>\n\n\n\n<p>o&nbsp;&nbsp;&nbsp;&nbsp;&nbsp;&nbsp;&nbsp;&nbsp;&nbsp;&nbsp;&nbsp;&nbsp; Holter RR (24-godzinna rejestracja ci\u015bnienia t\u0119tniczego)<\/p>\n\n\n\n<p>o&nbsp;&nbsp;&nbsp;&nbsp;&nbsp;&nbsp;&nbsp;&nbsp;&nbsp;&nbsp;&nbsp;&nbsp; USG Doppler t\u0119tnic szyjnych<\/p>\n\n\n\n<p>o&nbsp;&nbsp;&nbsp;&nbsp;&nbsp;&nbsp;&nbsp;&nbsp;&nbsp;&nbsp;&nbsp;&nbsp; USG Doppler naczy\u0144 ko\u0144czyn dolnych<\/p>\n\n\n\n<p>o&nbsp;&nbsp;&nbsp;&nbsp;&nbsp;&nbsp;&nbsp;&nbsp;&nbsp;&nbsp;&nbsp;&nbsp; ECHO serca przezklatkowe<\/p>\n\n\n\n<p>o&nbsp;&nbsp;&nbsp;&nbsp;&nbsp;&nbsp;&nbsp;&nbsp;&nbsp;&nbsp;&nbsp;&nbsp; spirometria<\/p>\n\n\n\n<p>o&nbsp;&nbsp;&nbsp;&nbsp;&nbsp;&nbsp;&nbsp;&nbsp;&nbsp;&nbsp;&nbsp;&nbsp; spirometria z pr\u00f3b\u0105 rozkurczow\u0105<\/p>\n\n\n\n<p>o&nbsp;&nbsp;&nbsp;&nbsp;&nbsp;&nbsp;&nbsp;&nbsp;&nbsp;&nbsp;&nbsp;&nbsp; biopsja aspiracyjna cienkoig\u0142owa tarczycy celowana do 2 procedur (u doros\u0142ych)<\/p>\n\n\n\n<p>o&nbsp;&nbsp;&nbsp;&nbsp;&nbsp;&nbsp;&nbsp;&nbsp;&nbsp;&nbsp;&nbsp;&nbsp; biopsja aspiracyjna cienkoig\u0142owa tarczycy celowana&nbsp; (u doros\u0142ych) co najmniej 3 procedur<\/p>\n\n\n\n<p>Badania, na kt\u00f3re skieruje Ci\u0119 lekarz POZ, a wykonasz w dowolnej plac\u00f3wce, kt\u00f3ra ma umow\u0119 z NFZ.<\/p>\n\n\n\n<p>\u2022&nbsp;&nbsp;&nbsp;&nbsp;&nbsp;&nbsp;&nbsp;&nbsp;&nbsp;&nbsp;&nbsp;&nbsp; gastroskopia<\/p>\n\n\n\n<p>\u2022&nbsp;&nbsp;&nbsp;&nbsp;&nbsp;&nbsp;&nbsp;&nbsp;&nbsp;&nbsp;&nbsp;&nbsp; kolonoskopia<\/p>\n\n\n\n<p>\u2022&nbsp;&nbsp;&nbsp;&nbsp;&nbsp;&nbsp;&nbsp;&nbsp;&nbsp;&nbsp;&nbsp;&nbsp; tomografia komputerowa p\u0142uc`<\/p>\n\t\t\t\t\t\t\t\t<\/div>\n\t\t\t\t<\/div>\n\t\t\t\t\t<\/div>\n\t\t\t\t<\/div>\n\t\t\t\t<\/div>\n\t\t","protected":false},"excerpt":{"rendered":"<p>W ramach dzia\u0142alno\u015bci naszej przychodni mo\u017cecie Pa\u0144stwo skorzysta\u0107 z szerokiego zakresu us\u0142ug medycznych. Wszystkie us\u0142ugi s\u0105 wykonywane w ramach umowy z NFZ. SZCZEPIENIA Wykonujemy szczepienia obowi\u0105zkowe zgodnie z Kalendarzem szczepie\u0144 oraz szczepienia w ramach profilaktyki. DIAGNOSTYKA LABORATORYJNA Wszystkie badania w POZ wykonywane zgodnie z umow\u0105 z NFZ na zlecenie lekarza s\u0105 wykonywane nieodp\u0142atnie. Punkt pobra\u0144 [&hellip;]<\/p>\n","protected":false},"author":1,"featured_media":0,"parent":0,"menu_order":0,"comment_status":"closed","ping_status":"closed","template":"template\/full-width-template.php","meta":{"_monsterinsights_skip_tracking":false,"_monsterinsights_sitenote_active":false,"_monsterinsights_sitenote_note":"","_monsterinsights_sitenote_category":0,"footnotes":""},"class_list":["post-15","page","type-page","status-publish","hentry"],"aioseo_notices":[],"_links":{"self":[{"href":"https:\/\/abm-piszczac.pl\/abm\/wp-json\/wp\/v2\/pages\/15","targetHints":{"allow":["GET"]}}],"collection":[{"href":"https:\/\/abm-piszczac.pl\/abm\/wp-json\/wp\/v2\/pages"}],"about":[{"href":"https:\/\/abm-piszczac.pl\/abm\/wp-json\/wp\/v2\/types\/page"}],"author":[{"embeddable":true,"href":"https:\/\/abm-piszczac.pl\/abm\/wp-json\/wp\/v2\/users\/1"}],"replies":[{"embeddable":true,"href":"https:\/\/abm-piszczac.pl\/abm\/wp-json\/wp\/v2\/comments?post=15"}],"version-history":[{"count":4,"href":"https:\/\/abm-piszczac.pl\/abm\/wp-json\/wp\/v2\/pages\/15\/revisions"}],"predecessor-version":[{"id":8173,"href":"https:\/\/abm-piszczac.pl\/abm\/wp-json\/wp\/v2\/pages\/15\/revisions\/8173"}],"wp:attachment":[{"href":"https:\/\/abm-piszczac.pl\/abm\/wp-json\/wp\/v2\/media?parent=15"}],"curies":[{"name":"wp","href":"https:\/\/api.w.org\/{rel}","templated":true}]}}